{"id":566,"date":"2022-03-08T17:57:27","date_gmt":"2022-03-08T17:57:27","guid":{"rendered":"http:\/\/localhost\/?page_id=566"},"modified":"2022-09-28T13:27:47","modified_gmt":"2022-09-28T13:27:47","slug":"careers","status":"publish","type":"page","link":"https:\/\/africanewsnetwork.net\/ar\/careers\/","title":{"rendered":"Carri\u00e8res"},"content":{"rendered":"<div data-elementor-type=\"wp-page\" data-elementor-id=\"566\" class=\"elementor elementor-566\" data-elementor-settings=\"{&quot;ha_cmc_init_switcher&quot;:&quot;no&quot;}\">\n\t\t\t\t\t\t<section class=\"penci-section penci-disSticky penci-structure-20 elementor-section elementor-top-section elementor-element elementor-element-2e6046d elementor-section-boxed elementor-section-height-default elementor-section-height-default wpr-particle-no wpr-jarallax-no wpr-parallax-no wpr-sticky-section-no\" data-id=\"2e6046d\" data-element_type=\"section\" data-e-type=\"section\" data-settings=\"{&quot;_ha_eqh_enable&quot;:false}\">\n\t\t\t\t\t\t<div class=\"elementor-container elementor-column-gap-default\">\n\t\t\t\t\t<div class=\"penci-ercol-50 penci-ercol-order-1 penci-sticky-ct  penci-dmcheck penci-elbg-activate penci-elbg-img elementor-column elementor-col-50 elementor-top-column elementor-element elementor-element-d839dcd\" data-id=\"d839dcd\" data-element_type=\"column\" data-e-type=\"column\" data-settings=\"{&quot;background_background&quot;:&quot;classic&quot;}\">\n\t\t\t<div class=\"elementor-widget-wrap elementor-element-populated\">\n\t\t\t\t\t\t<div class=\"elementor-element elementor-element-4ba7897 elementor-widget elementor-widget-image\" data-id=\"4ba7897\" data-element_type=\"widget\" data-e-type=\"widget\" data-widget_type=\"image.default\">\n\t\t\t\t<div class=\"elementor-widget-container\">\n\t\t\t\t\t\t\t\t\t\t\t\t\t\t\t<img fetchpriority=\"high\" decoding=\"async\" width=\"1024\" height=\"852\" src=\"https:\/\/i0.wp.com\/africanewsnetwork.net\/wp-content\/uploads\/2022\/09\/Careers-1-1.png?fit=1024%2C852&amp;ssl=1\" class=\"attachment-large size-large wp-image-2626\" alt=\"\" srcset=\"https:\/\/i0.wp.com\/africanewsnetwork.net\/wp-content\/uploads\/2022\/09\/Careers-1-1.png?w=1170&amp;ssl=1 1170w, https:\/\/i0.wp.com\/africanewsnetwork.net\/wp-content\/uploads\/2022\/09\/Careers-1-1.png?resize=300%2C249&amp;ssl=1 300w, https:\/\/i0.wp.com\/africanewsnetwork.net\/wp-content\/uploads\/2022\/09\/Careers-1-1.png?resize=1024%2C852&amp;ssl=1 1024w, https:\/\/i0.wp.com\/africanewsnetwork.net\/wp-content\/uploads\/2022\/09\/Careers-1-1.png?resize=768%2C639&amp;ssl=1 768w, https:\/\/i0.wp.com\/africanewsnetwork.net\/wp-content\/uploads\/2022\/09\/Careers-1-1.png?resize=14%2C12&amp;ssl=1 14w, https:\/\/i0.wp.com\/africanewsnetwork.net\/wp-content\/uploads\/2022\/09\/Careers-1-1.png?resize=585%2C487&amp;ssl=1 585w\" sizes=\"(max-width: 1024px) 100vw, 1024px\" \/>\t\t\t\t\t\t\t\t\t\t\t\t\t\t\t<\/div>\n\t\t\t\t<\/div>\n\t\t\t\t\t<\/div>\n\t\t<\/div>\n\t\t\t\t<div class=\"penci-ercol-50 penci-ercol-order-2 penci-sticky-ct    elementor-column elementor-col-50 elementor-top-column elementor-element elementor-element-d103988\" data-id=\"d103988\" data-element_type=\"column\" data-e-type=\"column\">\n\t\t\t<div class=\"elementor-widget-wrap elementor-element-populated\">\n\t\t\t\t\t\t<div class=\"elementor-element elementor-element-06c6653 elementor-widget elementor-widget-penci-fancy_heading\" data-id=\"06c6653\" data-element_type=\"widget\" data-e-type=\"widget\" data-widget_type=\"penci-fancy_heading.default\">\n\t\t\t\t<div class=\"elementor-widget-container\">\n\t\t\t\t\t\t\t<div class=\"penci-fancy-heading penci-heading-text-left\">\n\t\t\t<div class=\"penci-fancy-heading-inner\">\n\t\t\t\t<h2 class=\"penci-heading-title\"><span class=\"inner-tit\">Invitation ouverte<\/span><\/h2><div class=\"penci-heading-content entry-content\"><div style=\"text-align: justify;\">Une invitation ouverte aux personnes cr\u00e9atives, audacieuses et exceptionnelles. Nous souhaitons d\u00e9couvrir votre imagination unique et conna\u00eetre vos capacit\u00e9s. Nous sommes une coop\u00e9rative diversifi\u00e9e de personnes talentueuses et ambitieuses qui ne sont pas forc\u00e9ment les meilleures de leur classe, mais qui restent en avance sur la courbe d'apprentissage lorsqu'il s'agit de technologie et de renouvellement de nos offres.<\/div>\n<\/div>\t\t\t<\/div>\n\t\t<\/div>\n\t\t\t\t\t\t<\/div>\n\t\t\t\t<\/div>\n\t\t\t\t\t<\/div>\n\t\t<\/div>\n\t\t\t\t\t<\/div>\n\t\t<\/section>\n\t\t\t\t<section class=\"penci-section penci-disSticky penci-structure-20 elementor-section elementor-top-section elementor-element elementor-element-5fbf8b1 elementor-section-boxed elementor-section-height-default elementor-section-height-default wpr-particle-no wpr-jarallax-no wpr-parallax-no wpr-sticky-section-no\" data-id=\"5fbf8b1\" data-element_type=\"section\" data-e-type=\"section\" data-settings=\"{&quot;_ha_eqh_enable&quot;:false}\">\n\t\t\t\t\t\t<div class=\"elementor-container elementor-column-gap-default\">\n\t\t\t\t\t<div class=\"penci-ercol-50 penci-ercol-order-1 penci-sticky-ct  penci-dmcheck penci-elbg-activate  elementor-column elementor-col-50 elementor-top-column elementor-element elementor-element-30d66f7\" data-id=\"30d66f7\" data-element_type=\"column\" data-e-type=\"column\" data-settings=\"{&quot;background_background&quot;:&quot;classic&quot;}\">\n\t\t\t<div class=\"elementor-widget-wrap elementor-element-populated\">\n\t\t\t\t\t\t<div class=\"elementor-element elementor-element-83d40dd elementor-widget elementor-widget-penci-fancy_heading\" data-id=\"83d40dd\" data-element_type=\"widget\" data-e-type=\"widget\" data-widget_type=\"penci-fancy_heading.default\">\n\t\t\t\t<div class=\"elementor-widget-container\">\n\t\t\t\t\t\t\t<div class=\"penci-fancy-heading penci-heading-text-left\">\n\t\t\t<div class=\"penci-fancy-heading-inner\">\n\t\t\t\t<h2 class=\"penci-heading-title\"><span class=\"inner-tit\">Innovateur et passionn\u00e9<\/span><\/h2><div class=\"penci-heading-content entry-content\"><div style=\"text-align: justify;\">Si c'est l'innovation qui vous stimule, si vous \u00eates passionn\u00e9 de franchir le gouffre qui s\u00e9pare le bon de l'excellent et si vous pouvez nous enseigner et en m\u00eame temps apprendre de nous, vous \u00eates le collaborateur que nous recherchons. L'\u00e2ge, la couleur de la peau, la morphologie, l'\u00e9ducation, les comp\u00e9tences ou l'exp\u00e9rience professionnelle ne sont en aucun cas un obstacle.<\/div>\n<\/div>\t\t\t<\/div>\n\t\t<\/div>\n\t\t\t\t\t\t<\/div>\n\t\t\t\t<\/div>\n\t\t\t\t\t<\/div>\n\t\t<\/div>\n\t\t\t\t<div class=\"penci-ercol-50 penci-ercol-order-2 penci-sticky-ct    elementor-column elementor-col-50 elementor-top-column elementor-element elementor-element-f6a8368\" data-id=\"f6a8368\" data-element_type=\"column\" data-e-type=\"column\">\n\t\t\t<div class=\"elementor-widget-wrap elementor-element-populated\">\n\t\t\t\t\t\t<div class=\"elementor-element elementor-element-07cfe0e ha-has-bg-overlay elementor-widget elementor-widget-image\" data-id=\"07cfe0e\" data-element_type=\"widget\" data-e-type=\"widget\" data-widget_type=\"image.default\">\n\t\t\t\t<div class=\"elementor-widget-container\">\n\t\t\t\t\t\t\t\t\t\t\t\t\t\t\t<img decoding=\"async\" width=\"1024\" height=\"665\" src=\"https:\/\/i0.wp.com\/africanewsnetwork.net\/wp-content\/uploads\/2022\/09\/Careers-2.png?fit=1024%2C665&amp;ssl=1\" class=\"attachment-large size-large wp-image-2621\" alt=\"\" srcset=\"https:\/\/i0.wp.com\/africanewsnetwork.net\/wp-content\/uploads\/2022\/09\/Careers-2.png?w=1170&amp;ssl=1 1170w, https:\/\/i0.wp.com\/africanewsnetwork.net\/wp-content\/uploads\/2022\/09\/Careers-2.png?resize=300%2C195&amp;ssl=1 300w, https:\/\/i0.wp.com\/africanewsnetwork.net\/wp-content\/uploads\/2022\/09\/Careers-2.png?resize=1024%2C665&amp;ssl=1 1024w, https:\/\/i0.wp.com\/africanewsnetwork.net\/wp-content\/uploads\/2022\/09\/Careers-2.png?resize=768%2C499&amp;ssl=1 768w, https:\/\/i0.wp.com\/africanewsnetwork.net\/wp-content\/uploads\/2022\/09\/Careers-2.png?resize=18%2C12&amp;ssl=1 18w, https:\/\/i0.wp.com\/africanewsnetwork.net\/wp-content\/uploads\/2022\/09\/Careers-2.png?resize=585%2C380&amp;ssl=1 585w\" sizes=\"(max-width: 1024px) 100vw, 1024px\" \/>\t\t\t\t\t\t\t\t\t\t\t\t\t\t\t<\/div>\n\t\t\t\t<\/div>\n\t\t\t\t\t<\/div>\n\t\t<\/div>\n\t\t\t\t\t<\/div>\n\t\t<\/section>\n\t\t\t\t<\/div>","protected":false},"excerpt":{"rendered":"<p>Invitation ouverte Une invitation ouverte aux personnes cr\u00e9atives, audacieuses et exceptionnelles. Nous souhaitons d\u00e9couvrir votre imagination unique et conna\u00eetre vos capacit\u00e9s. Nous sommes une coop\u00e9rative diversifi\u00e9e de personnes talentueuses et&hellip;<\/p>","protected":false},"author":2,"featured_media":0,"parent":0,"menu_order":0,"comment_status":"closed","ping_status":"closed","template":"","meta":{"nf_dc_page":"","_lmt_disableupdate":"","_lmt_disable":"","footnotes":""},"class_list":["post-566","page","type-page","status-publish","hentry"],"yoast_head":"<!-- This site is optimized with the Yoast SEO Premium plugin v27.3 (Yoast SEO v27.3) - https:\/\/yoast.com\/product\/yoast-seo-premium-wordpress\/ -->\n<title>Carri\u00e8res - Africa News Network<\/title>\n<meta name=\"robots\" content=\"index, follow, max-snippet:-1, max-image-preview:large, max-video-preview:-1\" \/>\n<link rel=\"canonical\" href=\"https:\/\/africanewsnetwork.netcareers\/\" \/>\n<meta property=\"og:locale\" content=\"ar_AR\" \/>\n<meta property=\"og:type\" content=\"article\" \/>\n<meta property=\"og:title\" content=\"Carri\u00e8res\" \/>\n<meta property=\"og:description\" content=\"Invitation ouverte Une invitation ouverte aux personnes cr\u00e9atives, audacieuses et exceptionnelles. Nous souhaitons d\u00e9couvrir votre imagination unique et conna\u00eetre vos capacit\u00e9s. Nous sommes une coop\u00e9rative diversifi\u00e9e de personnes talentueuses et&hellip;\" \/>\n<meta property=\"og:url\" content=\"https:\/\/africanewsnetwork.netcareers\/\" \/>\n<meta property=\"og:site_name\" content=\"Africa News Network\" \/>\n<meta property=\"article:modified_time\" content=\"2022-09-28T13:27:47+00:00\" \/>\n<meta property=\"og:image\" content=\"https:\/\/africanewsnetwork.net\/wp-content\/uploads\/2022\/09\/Careers-1-1-1024x852.png\" \/>\n<meta name=\"twitter:card\" content=\"summary_large_image\" \/>\n<meta name=\"twitter:label1\" content=\"\u0648\u0642\u062a \u0627\u0644\u0642\u0631\u0627\u0621\u0629 \u0627\u0644\u0645\u064f\u0642\u062f\u0651\u0631\" \/>\n\t<meta name=\"twitter:data1\" content=\"\u062f\u0642\u064a\u0642\u0629 \u0648\u0627\u062d\u062f\u0629\" \/>\n<script type=\"application\/ld+json\" class=\"yoast-schema-graph\">{\"@context\":\"https:\\\/\\\/schema.org\",\"@graph\":[{\"@type\":\"WebPage\",\"@id\":\"https:\\\/\\\/africanewsnetwork.netcareers\\\/\",\"url\":\"https:\\\/\\\/africanewsnetwork.netcareers\\\/\",\"name\":\"Carri\u00e8res - Africa News Network\",\"isPartOf\":{\"@id\":\"https:\\\/\\\/africanewsnetwork.net\\\/#website\"},\"primaryImageOfPage\":{\"@id\":\"https:\\\/\\\/africanewsnetwork.netcareers\\\/#primaryimage\"},\"image\":{\"@id\":\"https:\\\/\\\/africanewsnetwork.netcareers\\\/#primaryimage\"},\"thumbnailUrl\":\"https:\\\/\\\/africanewsnetwork.net\\\/wp-content\\\/uploads\\\/2022\\\/09\\\/Careers-1-1-1024x852.png\",\"datePublished\":\"2022-03-08T17:57:27+00:00\",\"dateModified\":\"2022-09-28T13:27:47+00:00\",\"breadcrumb\":{\"@id\":\"https:\\\/\\\/africanewsnetwork.netcareers\\\/#breadcrumb\"},\"inLanguage\":\"ar\",\"potentialAction\":[{\"@type\":\"ReadAction\",\"target\":[\"https:\\\/\\\/africanewsnetwork.netcareers\\\/\"]}]},{\"@type\":\"ImageObject\",\"inLanguage\":\"ar\",\"@id\":\"https:\\\/\\\/africanewsnetwork.netcareers\\\/#primaryimage\",\"url\":\"https:\\\/\\\/africanewsnetwork.net\\\/wp-content\\\/uploads\\\/2022\\\/09\\\/Careers-1-1-1024x852.png\",\"contentUrl\":\"https:\\\/\\\/africanewsnetwork.net\\\/wp-content\\\/uploads\\\/2022\\\/09\\\/Careers-1-1-1024x852.png\"},{\"@type\":\"BreadcrumbList\",\"@id\":\"https:\\\/\\\/africanewsnetwork.netcareers\\\/#breadcrumb\",\"itemListElement\":[{\"@type\":\"ListItem\",\"position\":1,\"name\":\"Home\",\"item\":\"https:\\\/\\\/africanewsnetwork.net\"},{\"@type\":\"ListItem\",\"position\":2,\"name\":\"Carri\u00e8res\"}]},{\"@type\":\"WebSite\",\"@id\":\"https:\\\/\\\/africanewsnetwork.net\\\/#website\",\"url\":\"https:\\\/\\\/africanewsnetwork.net\\\/\",\"name\":\"Africa News Network\",\"description\":\"\",\"potentialAction\":[{\"@type\":\"SearchAction\",\"target\":{\"@type\":\"EntryPoint\",\"urlTemplate\":\"https:\\\/\\\/africanewsnetwork.net\\\/?s={search_term_string}\"},\"query-input\":{\"@type\":\"PropertyValueSpecification\",\"valueRequired\":true,\"valueName\":\"search_term_string\"}}],\"inLanguage\":\"ar\"}]}<\/script>\n<!-- \/ Yoast SEO Premium plugin. -->","yoast_head_json":{"title":"Carri\u00e8res - Africa News Network","robots":{"index":"index","follow":"follow","max-snippet":"max-snippet:-1","max-image-preview":"max-image-preview:large","max-video-preview":"max-video-preview:-1"},"canonical":"https:\/\/africanewsnetwork.netcareers\/","og_locale":"ar_AR","og_type":"article","og_title":"Carri\u00e8res","og_description":"Invitation ouverte Une invitation ouverte aux personnes cr\u00e9atives, audacieuses et exceptionnelles. Nous souhaitons d\u00e9couvrir votre imagination unique et conna\u00eetre vos capacit\u00e9s. Nous sommes une coop\u00e9rative diversifi\u00e9e de personnes talentueuses et&hellip;","og_url":"https:\/\/africanewsnetwork.netcareers\/","og_site_name":"Africa News Network","article_modified_time":"2022-09-28T13:27:47+00:00","og_image":[{"url":"https:\/\/africanewsnetwork.net\/wp-content\/uploads\/2022\/09\/Careers-1-1-1024x852.png","type":"","width":"","height":""}],"twitter_card":"summary_large_image","twitter_misc":{"\u0648\u0642\u062a \u0627\u0644\u0642\u0631\u0627\u0621\u0629 \u0627\u0644\u0645\u064f\u0642\u062f\u0651\u0631":"\u062f\u0642\u064a\u0642\u0629 \u0648\u0627\u062d\u062f\u0629"},"schema":{"@context":"https:\/\/schema.org","@graph":[{"@type":"WebPage","@id":"https:\/\/africanewsnetwork.netcareers\/","url":"https:\/\/africanewsnetwork.netcareers\/","name":"Carri\u00e8res - Africa News Network","isPartOf":{"@id":"https:\/\/africanewsnetwork.net\/#website"},"primaryImageOfPage":{"@id":"https:\/\/africanewsnetwork.netcareers\/#primaryimage"},"image":{"@id":"https:\/\/africanewsnetwork.netcareers\/#primaryimage"},"thumbnailUrl":"https:\/\/africanewsnetwork.net\/wp-content\/uploads\/2022\/09\/Careers-1-1-1024x852.png","datePublished":"2022-03-08T17:57:27+00:00","dateModified":"2022-09-28T13:27:47+00:00","breadcrumb":{"@id":"https:\/\/africanewsnetwork.netcareers\/#breadcrumb"},"inLanguage":"ar","potentialAction":[{"@type":"ReadAction","target":["https:\/\/africanewsnetwork.netcareers\/"]}]},{"@type":"ImageObject","inLanguage":"ar","@id":"https:\/\/africanewsnetwork.netcareers\/#primaryimage","url":"https:\/\/africanewsnetwork.net\/wp-content\/uploads\/2022\/09\/Careers-1-1-1024x852.png","contentUrl":"https:\/\/africanewsnetwork.net\/wp-content\/uploads\/2022\/09\/Careers-1-1-1024x852.png"},{"@type":"BreadcrumbList","@id":"https:\/\/africanewsnetwork.netcareers\/#breadcrumb","itemListElement":[{"@type":"ListItem","position":1,"name":"Home","item":"https:\/\/africanewsnetwork.net"},{"@type":"ListItem","position":2,"name":"Carri\u00e8res"}]},{"@type":"WebSite","@id":"https:\/\/africanewsnetwork.net\/#website","url":"https:\/\/africanewsnetwork.net\/","name":"Africa News Network","description":"","potentialAction":[{"@type":"SearchAction","target":{"@type":"EntryPoint","urlTemplate":"https:\/\/africanewsnetwork.net\/?s={search_term_string}"},"query-input":{"@type":"PropertyValueSpecification","valueRequired":true,"valueName":"search_term_string"}}],"inLanguage":"ar"}]}},"jetpack_sharing_enabled":true,"_links":{"self":[{"href":"https:\/\/africanewsnetwork.net\/ar\/wp-json\/wp\/v2\/pages\/566","targetHints":{"allow":["GET"]}}],"collection":[{"href":"https:\/\/africanewsnetwork.net\/ar\/wp-json\/wp\/v2\/pages"}],"about":[{"href":"https:\/\/africanewsnetwork.net\/ar\/wp-json\/wp\/v2\/types\/page"}],"author":[{"embeddable":true,"href":"https:\/\/africanewsnetwork.net\/ar\/wp-json\/wp\/v2\/users\/2"}],"replies":[{"embeddable":true,"href":"https:\/\/africanewsnetwork.net\/ar\/wp-json\/wp\/v2\/comments?post=566"}],"version-history":[{"count":0,"href":"https:\/\/africanewsnetwork.net\/ar\/wp-json\/wp\/v2\/pages\/566\/revisions"}],"wp:attachment":[{"href":"https:\/\/africanewsnetwork.net\/ar\/wp-json\/wp\/v2\/media?parent=566"}],"curies":[{"name":"wp","href":"https:\/\/api.w.org\/{rel}","templated":true}]}}